{"id":59,"date":"2019-08-02T14:24:06","date_gmt":"2019-08-02T14:24:06","guid":{"rendered":"https:\/\/traumfresser-orga.gflr.de\/?page_id=59"},"modified":"2019-08-22T10:00:49","modified_gmt":"2019-08-22T10:00:49","slug":"impressum","status":"publish","type":"page","link":"https:\/\/traumfresser-orga.gflr.de\/?page_id=59","title":{"rendered":"Impressum"},"content":{"rendered":"\n<p><strong>Impressum nach \u00a75 TMG<\/strong><\/p>\n\n\n\n<p>Sitz des Vereins:<br>Gesellschaft f\u00fcr Live-Rollenspiel e.V.<br>c\/o Sonja Catterfeld<br>Sch\u00f6ntaler Str. 14<br>58300 Wetter a.d. Ruhr<\/p>\n\n\n\n<p>Vertretung des Vereins:<br>Gesellschaft f\u00fcr Live-Rollenspiel e.V.<br>c\/o Katharina Munz<br>Scharnhorststr. 42<br>65195 Wiesbaden<\/p>\n\n\n\n<p>Tel. +49 611 4502180<br>inf&#111;&#64;&#103;&#x66;&#x6c;&#x72;&#x2e;&#x64;&#x65;<\/p>\n\n\n\n<p>Vereinsregister Nr. 2721 Amtsgericht Hagen<\/p>\n\n\n\n<p><strong>In Alleinvertretungsbefugnis vertreten durch:<\/strong><\/p>\n\n\n\n<p>Katharina Munz&nbsp;(1. Vorstand)<br>1&#46;&#118;&#x6f;&#x72;&#x73;&#x74;a&#110;&#100;&#64;&#x67;&#x66;&#x6c;r&#46;&#100;&#101;<\/p>\n\n\n\n<p>Kim Anna Scholz (2. Vorstand)<br>&#x32;&#46;v&#x6f;&#114;s&#x74;&#97;n&#x64;&#64;g&#x66;&#108;r&#x2e;&#100;e<\/p>\n\n\n\n<p>Dr. Marius Munz (Finanzvorstand)<br>&#102;&#x69;&#x6e;a&#110;&#x7a;v&#111;&#x72;s&#116;&#x61;n&#100;&#x40;&#x67;&#102;&#x6c;&#x72;&#46;&#100;&#x65;<\/p>\n\n\n\n<p>Das Impressum gilt f\u00fcr die URL   <a rel=\"noreferrer noopener\" href=\"https:\/\/traumfresser-orga.gflr.de%22\/\" target=\"_blank\">https:\/\/traumfresser-orga.gflr.de<\/a><\/p>\n\n\n\n<p><strong>Verantwortliche im Sinne des&nbsp;\u00a7 55 Abs. 2 RStV:<\/strong><\/p>\n\n\n\n<p>1. Vorsitzende<br>Katharina&nbsp;Munz<br>Scharnhorststr. 42<br>65195 Wiesbaden<br>+49 611 4502180<br>1&#46;&#118;&#x6f;&#x72;s&#116;&#97;&#x6e;&#x64;&#x40;g&#102;&#108;&#x72;&#x2e;de<\/p>\n\n\n\n<p><strong>Haftung f\u00fcr Inhalte<\/strong><\/p>\n\n\n\n<p>Die Erstellung der Inhalte dieser Webseite erfolgte mit gr\u00f6\u00dftm\u00f6glicher Sorgfalt. Allerdings k\u00f6nnen wir keine Gew\u00e4hr f\u00fcr die Vollst\u00e4ndigkeit der bereitgestellten Inhalte, ihre Aktualit\u00e4t sowie Richtigkeit \u00fcbernehmen. Gem. \u00a7\u00a7 8 \u2013 10 TMG trifft uns als Dienstanbieter keine Pflicht, fremde Informationen, die \u00fcbermittelt oder gespeichert wurden, zu \u00fcberwachen oder nach Anhaltspunkten und Umst\u00e4nden zu forschen, die die Rechtswidrigkeit von T\u00e4tigkeiten und Informationen indizieren.<\/p>\n\n\n\n<p>Eine Verpflichtung unsererseits zur Nutzungssperrung von Inhalten im Rahmen der allgemeinen Gesetze bleibt hiervon stets unber\u00fchrt. Diese Haftung kommt jedoch erst im Moment der Kenntnisnahme einer konkreten Verletzung von Rechten in Frage. Sollten uns Rechtsverletzungen bekannt werden, so sind die entsprechenden Inhalte von uns unverz\u00fcglich zu entfernen.<\/p>\n\n\n\n<p>Unsere Haftung f\u00fcr eigene Inhalte richtet sich, als Dienstanbieter, nach den allgemeinen Gesetzen.<\/p>\n\n\n\n<p><strong>Haftung f\u00fcr Links<\/strong><\/p>\n\n\n\n<p>Diese Webseite beinhaltet Verlinkungen zu Webseiten Dritter \u2013 sog. externe Links. Die Inhalte dieser externen Links entziehen sich unserer Einflussnahme, sodass eine Gew\u00e4hr f\u00fcr solche Inhalte unsererseits nicht \u00fcbernommen wird.<\/p>\n\n\n\n<p>Die Verantwortung liegt stets beim jeweiligen Betreiber der externen Seiten. Zum Zeitpunkt der Verkn\u00fcpfung der externen Links waren keine Rechtsverst\u00f6\u00dfe ersichtlich. Die permanente \u00dcberwachung fremder Inhalte auf Rechtsverst\u00f6\u00dfe ohne konkrete Hinweise ist uns nicht zumutbar.<\/p>\n\n\n\n<p>Sollten wir Kenntnis von Rechtsverletzungen erlangen, werden wir die entsprechenden externen Links unverz\u00fcglich entfernen.<\/p>\n\n\n\n<p><strong>Urheberrecht\/Leistungsschutzrecht<\/strong><\/p>\n\n\n\n<p>Auf die vom Anbieter auf dieser Seite ver\u00f6ffentlichten Inhalte findet das deutsche Urheber und Leistungsschutzrecht Anwendung. Sofern die Vervielf\u00e4ltigung, Bearbeitung, Verbreitung oder jegliche andere Art der Verwertung au\u00dferhalb des deutschen Urheber- und Leistungsschutzrechts liegt, bedarf es einer schriftlichen Zustimmung des jeweiligen Erstellers. Unerlaubtes Kopieren oder Downloaden dieser Seiten ist ausschlie\u00dflich f\u00fcr den privaten Bereich, nicht jedoch f\u00fcr den kommerziellen, erlaubt. Sofern nicht wir als Betreiber auch als Ersteller der Inhalte fungieren, werden die Urheberrechte von Dritten beachtet. Wir sind stets bem\u00fcht solche Inhalte als Inhalte Dritter zu kennzeichnen. Wir bitten Sie f\u00fcr den Fall, dass Ihnen trotz sorgf\u00e4ltiger Arbeit unsererseits, eine Urheberrechtsverletzung auff\u00e4llt, uns entsprechend darauf hinzuweisen, sodass die Entfernung dieser Inhalte umgehend veranlasst werden kann.<\/p>\n","protected":false},"excerpt":{"rendered":"<p>Impressum nach \u00a75 TMG Sitz des Vereins:Gesellschaft f\u00fcr Live-Rollenspiel e.V.c\/o Sonja CatterfeldSch\u00f6ntaler Str. 1458300 Wetter a.d. Ruhr Vertretung des Vereins:Gesellschaft f\u00fcr Live-Rollenspiel e.V.c\/o Katharina MunzScharnhorststr. 4265195 Wiesbaden Tel. +49 611 4502180&#x69;n&#x66;&#111;&#x40;&#103;f&#x6c;r&#x2e;&#100;&#x65; Vereinsregister Nr. 2721 Amtsgericht Hagen In Alleinvertretungsbefugnis vertreten durch: Katharina Munz&nbsp;(1. Vorstand)&#49;&#x2e;&#x76;&#111;&#x72;&#x73;&#116;&#x61;&#x6e;&#100;&#x40;&#x67;&#102;&#x6c;&#x72;&#46;&#x64;&#x65; Kim Anna Scholz (2. Vorstand)&#x32;&#x2e;&#118;or&#x73;&#x74;&#97;&#110;d&#x40;&#x67;&#102;&#108;r&#x2e;&#x64;&#x65; Dr. Marius Munz (Finanzvorstand)&#102;&#x69;&#110;&#x61;&#110;&#x7a;&#118;&#x6f;&#114;&#x73;&#116;&#x61;n&#x64;&#64;&#x67;f&#x6c;r&#x2e;d&#x65; Das Impressum gilt &hellip; <\/p>\n<p class=\"link-more\"><a href=\"https:\/\/traumfresser-orga.gflr.de\/?page_id=59\" class=\"more-link\"><span class=\"screen-reader-text\">\u201eImpressum\u201c<\/span> weiterlesen<\/a><\/p>\n","protected":false},"author":1,"featured_media":0,"parent":0,"menu_order":0,"comment_status":"closed","ping_status":"closed","template":"","meta":[],"_links":{"self":[{"href":"https:\/\/traumfresser-orga.gflr.de\/index.php?rest_route=\/wp\/v2\/pages\/59"}],"collection":[{"href":"https:\/\/traumfresser-orga.gflr.de\/index.php?rest_route=\/wp\/v2\/pages"}],"about":[{"href":"https:\/\/traumfresser-orga.gflr.de\/index.php?rest_route=\/wp\/v2\/types\/page"}],"author":[{"embeddable":true,"href":"https:\/\/traumfresser-orga.gflr.de\/index.php?rest_route=\/wp\/v2\/users\/1"}],"replies":[{"embeddable":true,"href":"https:\/\/traumfresser-orga.gflr.de\/index.php?rest_route=%2Fwp%2Fv2%2Fcomments&post=59"}],"version-history":[{"count":5,"href":"https:\/\/traumfresser-orga.gflr.de\/index.php?rest_route=\/wp\/v2\/pages\/59\/revisions"}],"predecessor-version":[{"id":122,"href":"https:\/\/traumfresser-orga.gflr.de\/index.php?rest_route=\/wp\/v2\/pages\/59\/revisions\/122"}],"wp:attachment":[{"href":"https:\/\/traumfresser-orga.gflr.de\/index.php?rest_route=%2Fwp%2Fv2%2Fmedia&parent=59"}],"curies":[{"name":"wp","href":"https:\/\/api.w.org\/{rel}","templated":true}]}}