{"id":35,"date":"2019-08-02T14:01:41","date_gmt":"2019-08-02T14:01:41","guid":{"rendered":"https:\/\/traumfresser-orga.gflr.de\/?page_id=35"},"modified":"2019-08-20T12:17:42","modified_gmt":"2019-08-20T12:17:42","slug":"der-anfang-vom-ende-kapitel-ii","status":"publish","type":"page","link":"https:\/\/traumfresser-orga.gflr.de\/?page_id=35","title":{"rendered":"Der Anfang vom Ende, Kapitel II"},"content":{"rendered":"\n<blockquote class=\"wp-block-quote\"><p> <strong><em>\u201d<\/em> Der Anfang vom Ende, Kapitel II: <em>Erwachen\u201d<\/em> <\/strong><\/p><p>Genre: Lovecraft\u2019sche Mystery-Horror-Con (am Rande des Weltuntergangs) <\/p><p>Datum: 10.-12.01.2020<br> <\/p><\/blockquote>\n\n\n\n<blockquote style=\"text-align:center\" class=\"wp-block-quote\"><p><br>Wir schreiben das Jahr 2020.\u00a0<br>Als direkte Folge der Geschehnisse im Januar 2019 hat sich die Welt\u00a0<br>ma\u00dfgeblich ver\u00e4ndert.\u00a0<br>Die Welt ist unruhig geworden.<br>Die Verschiebung der Erdachse und Verlangsamung der Erdrotation\u00a0<br>brachte einen ewigen Winter.<br>Die Welt versank in Frost, Eis, Nebel und Dunkelheit.<br><br>Es gibt kein Internet mehr.\u00a0<br>Es gibt keine Telekommunikation mehr.\u00a0<br>Es gibt keinen Kontakt zu Satelliten mehr.<br>Die einzig verl\u00e4ssliche Quelle von Informationen ist das Radio.\u00a0<br>Sp\u00e4rliche Informationen, aber besser als nichts.<br>Der Staat gibt sich M\u00fche das N\u00f6tigste aufrechtzuerhalten.\u00a0<br>Die Menschen werden von den Versprechungen der Gro\u00dfst\u00e4dte von Vorr\u00e4ten und vermeintlicher Sicherheit angezogen.\u00a0<br>Dort bem\u00fchen sich die M\u00e4chtigen, die Ordnung zu bewahren\u00a0<br>und die K\u00e4lte zu z\u00e4hmen.\u00a0<br>Abseits dieser flackernden Inseln des Lichts greift die Finsternis um sich.<br>Das letzte Jahr war ein R\u00fcckschritt f\u00fcr die Menschheit und Menschlichkeit.<br>Die Welt ist gef\u00e4hrlicher geworden.<br>Lebensmittel werden knapp.<br><br>Unbest\u00e4tigte Berichte von durch das Land ziehenden\u00a0<br>Schreckensgestalten verbreiten sich.<br>Die Welt ist im Winter gefangen.<br>Die Welt ist eingeschlafen.<br><br>Eure Tr\u00e4ume plagen euch.<br>Eure Albtr\u00e4ume locken euch.<br>\u00dcberirdische Melodien dringen an euer Ohr.<br>Ein Lied \u00fcber das Haus Winter.<br>Ein Lied \u00fcber Heilung und Vernichtung.<br>Es ist Zeit zu erwachen.<br><br>Unsere Con handelt von einer Forschungseinrichtung des \u00dcbernat\u00fcrlichen,\u00a0<br>dem abgeschiedenen Haus Winter.\u00a0\u00a0\u00a0\u00a0\u00a0<br>\u00a0Hier wurde auf der letzten Con das B\u00f6se in letzter Sekunde verbannt\u00a0<br>und der unmittelbare Untergang der Welt aufgehalten.<br>\u00a0Doch die Wunden, welche der Welt geschlagen wurden\u00a0<br>sind noch lange nicht verheilt.\u00a0\u00a0\u00a0\u00a0\u00a0<br>\u00a0Die Welt ist von den Ereignissen schwer gezeichnet.\u00a0<br>Ein ewig andauernder Winter h\u00e4lt die Erde in seinen Klauen.\u00a0<br>Die Narben der Welt klaffen weit auseinander.\u00a0<br>Der Ruf zum Erwachen erschallt, doch auch die Bewahrer der Albtr\u00e4ume und ihre Schrecken sind nicht unt\u00e4tig.<br>\u00a0<br>Das Ende schreitet voran\u00a0<br>&#8211; und das Haus Winter ist Mitten im Auge des Sturms.<br><br> <\/p><\/blockquote>\n","protected":false},"excerpt":{"rendered":"<p>\u201d Der Anfang vom Ende, Kapitel II: Erwachen\u201d Genre: Lovecraft\u2019sche Mystery-Horror-Con (am Rande des Weltuntergangs) Datum: 10.-12.01.2020 Wir schreiben das Jahr 2020.\u00a0Als direkte Folge der Geschehnisse im Januar 2019 hat sich die Welt\u00a0ma\u00dfgeblich ver\u00e4ndert.\u00a0Die Welt ist unruhig geworden.Die Verschiebung der Erdachse und Verlangsamung der Erdrotation\u00a0brachte einen ewigen Winter.Die Welt versank in Frost, Eis, Nebel und &hellip; <\/p>\n<p class=\"link-more\"><a href=\"https:\/\/traumfresser-orga.gflr.de\/?page_id=35\" class=\"more-link\"><span class=\"screen-reader-text\">\u201eDer Anfang vom Ende, Kapitel II\u201c<\/span> weiterlesen<\/a><\/p>\n","protected":false},"author":1,"featured_media":0,"parent":0,"menu_order":0,"comment_status":"closed","ping_status":"closed","template":"","meta":[],"_links":{"self":[{"href":"https:\/\/traumfresser-orga.gflr.de\/index.php?rest_route=\/wp\/v2\/pages\/35"}],"collection":[{"href":"https:\/\/traumfresser-orga.gflr.de\/index.php?rest_route=\/wp\/v2\/pages"}],"about":[{"href":"https:\/\/traumfresser-orga.gflr.de\/index.php?rest_route=\/wp\/v2\/types\/page"}],"author":[{"embeddable":true,"href":"https:\/\/traumfresser-orga.gflr.de\/index.php?rest_route=\/wp\/v2\/users\/1"}],"replies":[{"embeddable":true,"href":"https:\/\/traumfresser-orga.gflr.de\/index.php?rest_route=%2Fwp%2Fv2%2Fcomments&post=35"}],"version-history":[{"count":6,"href":"https:\/\/traumfresser-orga.gflr.de\/index.php?rest_route=\/wp\/v2\/pages\/35\/revisions"}],"predecessor-version":[{"id":78,"href":"https:\/\/traumfresser-orga.gflr.de\/index.php?rest_route=\/wp\/v2\/pages\/35\/revisions\/78"}],"wp:attachment":[{"href":"https:\/\/traumfresser-orga.gflr.de\/index.php?rest_route=%2Fwp%2Fv2%2Fmedia&parent=35"}],"curies":[{"name":"wp","href":"https:\/\/api.w.org\/{rel}","templated":true}]}}