{"id":19,"date":"2019-08-02T13:53:49","date_gmt":"2019-08-02T13:53:49","guid":{"rendered":"https:\/\/traumfresser-orga.gflr.de\/?page_id=19"},"modified":"2019-08-21T15:41:35","modified_gmt":"2019-08-21T15:41:35","slug":"willkommen","status":"publish","type":"page","link":"https:\/\/traumfresser-orga.gflr.de\/","title":{"rendered":"Willkommen"},"content":{"rendered":"\n<blockquote class=\"wp-block-quote\"><p> <strong>Herzlich Willkommen auf der Seite der (T)Raumfresser-LARP-Orga,<\/strong><br><br>wir freuen uns darauf euch lovecraft\u2019schen Horror in der Neuzeit (und Vergangenheit) zu pr\u00e4sentieren.\u00a0<br><br>Lasst uns gemeinsam albtraumhafte Szenarien erkunden, okkult-angehauchte Geheimnisse l\u00fcften, dem (fiktiven LARP-)Tod ins Auge blicken und hoffentlich bei all dem richtig viel Spa\u00df haben.\u00a0<br><br>Wir haben uns als Ziel gesetzt immersives und emotional ber\u00fchrendes Psycho-LARP zu veranstalten, dass die SpielerInnen mit Horror- und Mystery-Elementen, R\u00e4tseln und Puzzeln ordentlich ins Schwitzen bringen soll.\u00a0<br>Die Finsternis in unserer Welt schlummert sowohl um wie auch in uns. Die Finsternis ist allumfassend.\u00a0<br><br>Unsere aktuelle Con-Reihe besch\u00e4ftigt sich mit dem drohenden Untergang der Welt in cthulhuid-lovecraft\u2019scher Manier.\u00a0<br>Die Apokalypse naht und doch gibt es Hoffnung in der Finsternis und Finsternis in der Hoffnung.<br><br>Bisherige und aktuelle Veranstaltungen:<br>04.-06.01.2019: \u201eDer Anfang vom Ende \u2013 Kapitel 1 &#8211; <em>Ursprung<\/em>\u201d<br>10.-12.01.2020: \u201eDer Anfang vom Ende \u2013 Kapitel 2 &#8211; <em>Erwachen<\/em>\u201d<br><br>Das (T)Raumfresser-LARP Projekt ist Teil der Gesellschaft f\u00fcr Life-Rollenspiel e.V. (<a href=\"https:\/\/www.gflr.de\/\">https:\/\/www.gflr.de\/<\/a>).<br><br>Wir freuen uns darauf dich vielleicht irgendwann auf einer unserer Veranstaltungen begr\u00fc\u00dfen zu d\u00fcrfen!<br>Liebe Gr\u00fc\u00dfe,<br>Die (T)raumfresser-Orga<br><br> <\/p><\/blockquote>\n","protected":false},"excerpt":{"rendered":"<p>Herzlich Willkommen auf der Seite der (T)Raumfresser-LARP-Orga, wir freuen uns darauf euch lovecraft\u2019schen Horror in der Neuzeit (und Vergangenheit) zu pr\u00e4sentieren.\u00a0 Lasst uns gemeinsam albtraumhafte Szenarien erkunden, okkult-angehauchte Geheimnisse l\u00fcften, dem (fiktiven LARP-)Tod ins Auge blicken und hoffentlich bei all dem richtig viel Spa\u00df haben.\u00a0 Wir haben uns als Ziel gesetzt immersives und emotional ber\u00fchrendes &hellip; <\/p>\n<p class=\"link-more\"><a href=\"https:\/\/traumfresser-orga.gflr.de\/\" class=\"more-link\"><span class=\"screen-reader-text\">\u201eWillkommen\u201c<\/span> weiterlesen<\/a><\/p>\n","protected":false},"author":1,"featured_media":0,"parent":0,"menu_order":0,"comment_status":"closed","ping_status":"closed","template":"","meta":[],"_links":{"self":[{"href":"https:\/\/traumfresser-orga.gflr.de\/index.php?rest_route=\/wp\/v2\/pages\/19"}],"collection":[{"href":"https:\/\/traumfresser-orga.gflr.de\/index.php?rest_route=\/wp\/v2\/pages"}],"about":[{"href":"https:\/\/traumfresser-orga.gflr.de\/index.php?rest_route=\/wp\/v2\/types\/page"}],"author":[{"embeddable":true,"href":"https:\/\/traumfresser-orga.gflr.de\/index.php?rest_route=\/wp\/v2\/users\/1"}],"replies":[{"embeddable":true,"href":"https:\/\/traumfresser-orga.gflr.de\/index.php?rest_route=%2Fwp%2Fv2%2Fcomments&post=19"}],"version-history":[{"count":3,"href":"https:\/\/traumfresser-orga.gflr.de\/index.php?rest_route=\/wp\/v2\/pages\/19\/revisions"}],"predecessor-version":[{"id":107,"href":"https:\/\/traumfresser-orga.gflr.de\/index.php?rest_route=\/wp\/v2\/pages\/19\/revisions\/107"}],"wp:attachment":[{"href":"https:\/\/traumfresser-orga.gflr.de\/index.php?rest_route=%2Fwp%2Fv2%2Fmedia&parent=19"}],"curies":[{"name":"wp","href":"https:\/\/api.w.org\/{rel}","templated":true}]}}