{"id":110,"date":"2019-08-21T15:44:49","date_gmt":"2019-08-21T15:44:49","guid":{"rendered":"https:\/\/traumfresser-orga.gflr.de\/?page_id=110"},"modified":"2019-08-21T15:53:39","modified_gmt":"2019-08-21T15:53:39","slug":"der-anfang-vom-ende-kapitel-i","status":"publish","type":"page","link":"https:\/\/traumfresser-orga.gflr.de\/?page_id=110","title":{"rendered":"Der Anfang vom Ende Kapitel I"},"content":{"rendered":"\n<p><em><strong>04.-06.01.2019: \u201eDer Anfang vom Ende \u2013 Kapitel 1 \u2013\u00a0Ursprung\u201d<\/strong><\/em><\/p>\n\n\n<p style=\"text-align: center;\"><strong data-rich-text-format-boundary=\"true\">Was bisher geschah&#8230; (<\/strong><a href=\"https:\/\/www.flickr.com\/photos\/146209082@N03\/sets\/72157702224682152\/\"><strong>Bilder der letzten Con<\/strong><\/a><strong>)<\/strong><\/p>\n<p>\u00a0<\/p>\n\n\n<blockquote class=\"wp-block-quote\"><p> F\u00fcr alle <em>neuen &amp; alten SpielerInnen: <\/em>Eine kurze Geschichtsstunde \u00fcber unsere \u201cfiktiven Geschehnisse\u201d seit dem 01.01.2019 bis zum 10.01.2020! <em>(aka der allgemeine Hintergrund der Spielwelt)<\/em><br><br><strong>Die Ereignisse vom 01.01.2019-06.01.2019 und das kommende Jahr:<\/strong><br>\u00dcberall auf der Welt wurden gewaltige, sich auft\u00fcrmende Sturmwolken gesichtet. Es gab vielerorts Erdbeben von leichter bis mittlerer st\u00e4rke. Riesige Waldbr\u00e4nde und Flutkatastrophen haben vor allem den asiatischen und den Pazifikraum heimgesucht.\u00a0<br>Die Kompasse spielten verr\u00fcckt und Containerschiffe sowie Flugzeuge seien spurlos verschwunden. Die Polarlichter leuchteten unentwegt in den sch\u00f6nsten Farben.\u00a0<br>Die Zugv\u00f6gel kehrten verfr\u00fcht zur\u00fcck. Stimmen bez\u00fcglich dem Armageddon, der Apokalypse wurden laut. Gleichzeitig auftretende Tsunamis auf der ganzen Welt f\u00fchrten zu gesperrten H\u00e4fen und orkanartige Eisst\u00fcrme verhinderten fast jeglichen Flugverkehr.<br>Seltsamerweise blieb Zentraleuropa von den meisten schweren Unwettern, von der tosenden Natur, verschont. Hier stieg ein dichter Nebel auf und dicke, volle Schneeflocken fielen vom Himmel. Es gab viele Berichte \u00fcber Gestalten, die sich im Nebel bewegen. Menschen seien allerorts spurlos verschwunden. Es gab mehrere Flugzeugabst\u00fcrze mit hunderten Toten. Die Menschen versuchten sich gegen die Naturgewalten aufzulehnen.\u00a0<br>Auch auf den Stra\u00dfen kam es \u00fcberall zu tragischen Unf\u00e4llen mit vielen Toten. Unbest\u00e4tigte Meldungen von Gewaltverbrechen dominierten die Radiodurchsagen.\u00a0<br>Experten vermuteten, dass sich die Erde aus ihrer normalen Umlaufbahn um die Sonne verschoben h\u00e4tte und zu einem gewaltigen Gravitationsk\u00f6rper in circa 10.000 km h\u00f6he gestrebt habe.<br>So pl\u00f6tzlich die Naturkatastrophen aufkamen und die Menschheit \u00fcberraschten, so schnell verschwanden sie wieder.\u00a0<br>Am Samstag, dem 05.01.2019, um 20:00 Uhr endete es.<br>Zur\u00fcck blieb der Winter, ein ewiger Winter.\u00a0<br>Albtr\u00e4ume plagen die Menschen.<br>Die Naturkatastrophen haben sich zwar beruhigt, doch der Schaden ist gewaltig.\u00a0<br>Viel zu sp\u00e4t realisierten die Menschen, dass die Welt sich nicht mehr so weiterrotieren w\u00fcrde, wie sie es gewohnt waren. Viel zu sp\u00e4t realisierten die Menschen, dass der Winter nicht enden w\u00fcrde. Ausfall der Ernten, Zusammenbruch des Handels, zunehmende Lieferengp\u00e4sse und Hunger &#8211; ein qu\u00e4lender, umfassender Hunger stellten sich ein.<br>Die Katzen der Welt erschienen ebenfalls unruhig geworden zu sein, man erz\u00e4hlte sich Geschichten, dass sich diese in Rudeln zusammenschlie\u00dfen und gemeinsam auf die Jagd gehen w\u00fcrden.<br><br>In den folgenden Monaten taten die Staatenb\u00fcnde zwar ihr m\u00f6glichstes um ihre Macht zusammenzuhalten, doch es zeigte sich wie angewiesen der moderne Mensch und die Gesellschaft auf die moderne Technik ist.\u00a0<br>Viele Menschen flohen in die St\u00e4dte, suchten Schutz und Infrastruktur.\u00a0<br>Viele Menschen verbarrikadierten ihre zu Hause, begannen Lebensmittel zu horten und ihre Zuhause umzugestalten.<br>Viele Menschen begannen bei h\u00f6heren M\u00e4chten um ihr \u00dcberleben zu flehen.<br><br>Das Ende der Welt kam nicht mit einem Hammerschlag. Es kam und kommt langsam &#8211;\u00a0<br>langsam und mit kalt-grausamer Hand.\u00a0<br><br>Doch eine Sache ist den Menschen in die Wiege gelegt: Die Menschen k\u00e4mpfen weiter. Die Menschen k\u00e4mpfen um ihr \u00fcberleben, ob in Gruppen oder Allein. Der \u00dcberlebenswille der Spezies blieb (bei den Meisten) ungebrochen!<br><br> <\/p><\/blockquote>\n\n\n<p><!--EndFragment--><\/p>","protected":false},"excerpt":{"rendered":"<p>04.-06.01.2019: \u201eDer Anfang vom Ende \u2013 Kapitel 1 \u2013\u00a0Ursprung\u201d Was bisher geschah&#8230; (Bilder der letzten Con) \u00a0 F\u00fcr alle neuen &amp; alten SpielerInnen: Eine kurze Geschichtsstunde \u00fcber unsere \u201cfiktiven Geschehnisse\u201d seit dem 01.01.2019 bis zum 10.01.2020! (aka der allgemeine Hintergrund der Spielwelt) Die Ereignisse vom 01.01.2019-06.01.2019 und das kommende Jahr:\u00dcberall auf der Welt wurden gewaltige, &hellip; <\/p>\n<p class=\"link-more\"><a href=\"https:\/\/traumfresser-orga.gflr.de\/?page_id=110\" class=\"more-link\"><span class=\"screen-reader-text\">\u201eDer Anfang vom Ende Kapitel I\u201c<\/span> weiterlesen<\/a><\/p>\n","protected":false},"author":1,"featured_media":0,"parent":0,"menu_order":0,"comment_status":"closed","ping_status":"closed","template":"","meta":[],"_links":{"self":[{"href":"https:\/\/traumfresser-orga.gflr.de\/index.php?rest_route=\/wp\/v2\/pages\/110"}],"collection":[{"href":"https:\/\/traumfresser-orga.gflr.de\/index.php?rest_route=\/wp\/v2\/pages"}],"about":[{"href":"https:\/\/traumfresser-orga.gflr.de\/index.php?rest_route=\/wp\/v2\/types\/page"}],"author":[{"embeddable":true,"href":"https:\/\/traumfresser-orga.gflr.de\/index.php?rest_route=\/wp\/v2\/users\/1"}],"replies":[{"embeddable":true,"href":"https:\/\/traumfresser-orga.gflr.de\/index.php?rest_route=%2Fwp%2Fv2%2Fcomments&post=110"}],"version-history":[{"count":8,"href":"https:\/\/traumfresser-orga.gflr.de\/index.php?rest_route=\/wp\/v2\/pages\/110\/revisions"}],"predecessor-version":[{"id":121,"href":"https:\/\/traumfresser-orga.gflr.de\/index.php?rest_route=\/wp\/v2\/pages\/110\/revisions\/121"}],"wp:attachment":[{"href":"https:\/\/traumfresser-orga.gflr.de\/index.php?rest_route=%2Fwp%2Fv2%2Fmedia&parent=110"}],"curies":[{"name":"wp","href":"https:\/\/api.w.org\/{rel}","templated":true}]}}